{"id":2157,"date":"2020-05-18T22:56:40","date_gmt":"2020-05-18T22:56:40","guid":{"rendered":"https:\/\/www.quintaferreiradebaixo.pt\/castas\/"},"modified":"2020-10-14T23:05:24","modified_gmt":"2020-10-14T23:05:24","slug":"grape-varieties","status":"publish","type":"page","link":"https:\/\/www.quintaferreiradebaixo.pt\/en\/grape-varieties\/","title":{"rendered":"Grape Varieties"},"content":{"rendered":"<p>[vc_row css=&#8221;.vc_custom_1593641104274{margin-top: 50px !important;padding-top: 0px !important;padding-bottom: 0px !important;}&#8221;][vc_column][vc_column_text]In Portugal there is a wide variety of indigenous grape varieties (about 300) but only about 30 are authorized in Douro Demarcated Region for the production of Port Wine.<\/p>\n<p>Although the production of DOC DOURO wines does not have this legal obligation, in the second half of the 20th century, the study and analysis of the grape varieties planted in this Region has begun and it was concluded that the best grape varieties for the production of Port and DOC wines Douro Red are: Touriga Nacional, Touriga Franca, Tinta Barroca, Aragonez (called Tinta Roriz in the region) and Tinto C\u00e3o. In the production of DOC Douro Branco, the varieties Malvasia Fina, Gouveio, Rabigato and Viosinho stand out.[\/vc_column_text][\/vc_column][\/vc_row][vc_row el_class=&#8221;site-header&#8221; css=&#8221;.vc_custom_1593643606201{padding-top: 100px !important;padding-bottom: 100px !important;}&#8221;][vc_column][vc_column_text]<\/p>\n<div class=\"page-meta-wrapper\">\n<p class=\"page-header-subtitle\">Quinta da Ferreira de Baixo<\/p>\n<h1>Grape Varieties<\/h1>\n<\/div>\n<p>[\/vc_column_text][\/vc_column][\/vc_row][vc_row equal_height=&#8221;yes&#8221; content_placement=&#8221;middle&#8221; css=&#8221;.vc_custom_1593873944148{margin-top: 0px !important;padding-top: 0px !important;padding-bottom: 0px !important;}&#8221; el_id=&#8221;touriganacional&#8221;][vc_column width=&#8221;1\/2&#8243; css=&#8221;.vc_custom_1460370846525{margin-top: 0px !important;margin-right: 0px !important;margin-bottom: 0px !important;margin-left: 0px !important;padding-top: 0px !important;padding-right: 0px !important;padding-bottom: 0px !important;padding-left: 0px !important;}&#8221; offset=&#8221;vc_col-lg-6 vc_col-md-6&#8243;][vc_single_image image=&#8221;1563&#8243; img_size=&#8221;full&#8221; css=&#8221;.vc_custom_1593467329285{margin-top: 0px !important;margin-right: 0px !important;margin-bottom: 0px !important;margin-left: 0px !important;padding-top: 0px !important;padding-right: 0px !important;padding-bottom: 0px !important;padding-left: 0px !important;}&#8221;][\/vc_column][vc_column width=&#8221;1\/2&#8243; css=&#8221;.vc_custom_1593467563189{padding-top: 5% !important;padding-right: 10% !important;padding-bottom: 5% !important;padding-left: 10% !important;background-color: #ffffff !important;}&#8221; offset=&#8221;vc_col-lg-6 vc_col-md-6&#8243;]\n\t<div class=\"title-subtitle-box \" style=\" text-align: center;\">\n\t\t<h2 style=\" font-weight: normal;\" >Touriga Nacional<\/h2>\n\t<\/div> [vc_column_text css=&#8221;.vc_custom_1602716641314{margin-bottom: 90px !important;}&#8221;]In the pass has dominated D\u00e3o region and was also relevant in Douro before phylloxera attack, today both regions claim its paternity.<\/p>\n<p>It\u2019s a noble grape, very much appreciated and the most complemented grape in Portugal, nowadays is disseminated in Alentejo, Lisbon, Bairrada, Set\u00fatbal, Tejo, Algarve e A\u00e7ores. The thick skin enriched in coloured matter, contributes to obtain intense and deep colours in wine.<\/p>\n<p>The abundance of primary aromas is one of this grape brand image, simultaneously is presented floral and fruity, always intense and explosive. Less productive, is capable of produce balanced wines, with good alcoholic content and excellent aging capacity.[\/vc_column_text][\/vc_column][\/vc_row][vc_row equal_height=&#8221;yes&#8221; content_placement=&#8221;middle&#8221; css=&#8221;.vc_custom_1593873955465{padding-top: 0px !important;padding-bottom: 0px !important;}&#8221; el_id=&#8221;tintaroriz&#8221;][vc_column css=&#8221;.vc_custom_1593467553902{padding-top: 5% !important;padding-right: 10% !important;padding-bottom: 5% !important;padding-left: 10% !important;background-color: #ffffff !important;}&#8221; offset=&#8221;vc_col-lg-6 vc_col-md-6&#8243;]\n\t<div class=\"title-subtitle-box \" style=\" text-align: center;\">\n\t\t<h2 style=\" font-weight: normal;\" >Tinta Roriz<\/h2>\n\t<\/div> [vc_column_text css=&#8221;.vc_custom_1602716650609{margin-bottom: 90px !important;}&#8221;]Is an iberian grape by excellence, one of the most rare variety being valued in both sides of the border, in Portugal is recognized by to surnames, Aragon\u00eas and Tinta Roriz (the second is restricted to D\u00e3o and Douro regions (and Tr\u00e1s-os-Montes!!!). Is a precocious grape, very vigorous and productive, easily adaptable to different climates and soils, was rapidly extended to D\u00e3o, Tejo and Lisbon regions.<\/p>\n<p>If its vigor is controlled can offer elegance and robustness in wine, fruit and spices, in a deep and alive register.<\/p>\n<p>Tends to be a lot grape, often benefiting from Touriga Nacional and Touriga Franca companionship in Douro, also from Trincadeira and Alicante Boushet in Alentejo.[\/vc_column_text][\/vc_column][vc_column css=&#8221;.vc_custom_1460370866457{margin-top: 0px !important;margin-right: 0px !important;margin-bottom: 0px !important;margin-left: 0px !important;padding-top: 0px !important;padding-right: 0px !important;padding-bottom: 0px !important;padding-left: 0px !important;}&#8221; offset=&#8221;vc_col-lg-6 vc_col-md-6&#8243;][vc_single_image image=&#8221;1559&#8243; img_size=&#8221;full&#8221; css=&#8221;.vc_custom_1593467342476{margin-top: 0px !important;margin-right: 0px !important;margin-bottom: 0px !important;margin-left: 0px !important;padding-top: 0px !important;padding-right: 0px !important;padding-bottom: 0px !important;padding-left: 0px !important;}&#8221;][\/vc_column][\/vc_row][vc_row equal_height=&#8221;yes&#8221; content_placement=&#8221;middle&#8221; css=&#8221;.vc_custom_1593873968497{padding-top: 0px !important;padding-bottom: 0px !important;}&#8221; el_id=&#8221;tourigafranca&#8221;][vc_column css=&#8221;.vc_custom_1460370846525{margin-top: 0px !important;margin-right: 0px !important;margin-bottom: 0px !important;margin-left: 0px !important;padding-top: 0px !important;padding-right: 0px !important;padding-bottom: 0px !important;padding-left: 0px !important;}&#8221; offset=&#8221;vc_col-lg-6 vc_col-md-6&#8243;][vc_single_image image=&#8221;1561&#8243; img_size=&#8221;full&#8221; css=&#8221;.vc_custom_1593467356882{margin-top: 0px !important;margin-right: 0px !important;margin-bottom: 0px !important;margin-left: 0px !important;padding-top: 0px !important;padding-right: 0px !important;padding-bottom: 0px !important;padding-left: 0px !important;}&#8221;][\/vc_column][vc_column css=&#8221;.vc_custom_1593467598807{padding-top: 5% !important;padding-right: 10% !important;padding-bottom: 5% !important;padding-left: 10% !important;background-color: #ffffff !important;}&#8221; offset=&#8221;vc_col-lg-6 vc_col-md-6&#8243;]\n\t<div class=\"title-subtitle-box \" style=\" text-align: center;\">\n\t\t<h2 style=\" font-weight: normal;\" >Touriga Franca<\/h2>\n\t<\/div> [vc_column_text css=&#8221;.vc_custom_1602716664219{margin-bottom: 90px !important;}&#8221;]Is the most planted grape in Douro region, currently occupying about one fifth of the total vineyards in this region. Its popularity is founded in the extreme versatility, productivity, balance and regularity of production, as well as its good general sanity. Develops in a long vegetative cycle, providing wines rich in colour. With medium to large bunches, medium and rounded berries, Touriga Franca is one of the structural pillars of Douro lots, not only Port but also still wines. Thanks to the strong tannin\u2019s concentrations, contributes to a good aging of the lots in which participates<\/p>\n<p>Offers abundant fruit, providing wines of dense body and firm structure but, simultaneously, elegant.<\/p>\n<p>By rule these wines suggest floral notes of roses, wild flowers, blackberries and rock rose, being regularly associated with Tinta Roriz and Touriga Nacional grapes.[\/vc_column_text][\/vc_column][\/vc_row][vc_row equal_height=&#8221;yes&#8221; content_placement=&#8221;middle&#8221; css=&#8221;.vc_custom_1593873978178{padding-top: 0px !important;padding-bottom: 0px !important;}&#8221; el_id=&#8221;arinto&#8221;][vc_column css=&#8221;.vc_custom_1593467533903{padding-top: 5% !important;padding-right: 10% !important;padding-bottom: 5% !important;padding-left: 10% !important;background-color: #ffffff !important;}&#8221; offset=&#8221;vc_col-lg-6 vc_col-md-6&#8243;]\n\t<div class=\"title-subtitle-box \" style=\" text-align: center;\">\n\t\t<h2 style=\" font-weight: normal;\" >Arinto<\/h2>\n\t<\/div> [vc_column_text css=&#8221;.vc_custom_1602716678562{margin-bottom: 90px !important;}&#8221;]This is a veratile grape, being in most of the Portuguese viticulture regions and is recognized by the name of Pedern\u00e3 in Vinhos Verdes regions. Provides vibrant wines with alive acidity, refreshing and strong mineral pendency and high potential of aging. The firm acidity would be the main calling card of Arinto grape, ensuring the adjective of \u201cimproving\u201d grape in many Portuguese regions. If in Bucelas the variety reaches its zenith, it is in Alentejo and Ribatejo that its assistance is most fruitful, due to the contribution of acidity so indispensable and difficult to obtain. It presents medium-sized bunches, compact and with small berries.<\/p>\n<p>It is a relatively discreet variety, with no particular aspirations of exuberance, favoring the notes of green apple, lime and lemon. It is often used in the production of blended wines and also sparkling wine.[\/vc_column_text][\/vc_column][vc_column css=&#8221;.vc_custom_1460370866457{margin-top: 0px !important;margin-right: 0px !important;margin-bottom: 0px !important;margin-left: 0px !important;padding-top: 0px !important;padding-right: 0px !important;padding-bottom: 0px !important;padding-left: 0px !important;}&#8221; offset=&#8221;vc_col-lg-6 vc_col-md-6&#8243;][vc_single_image image=&#8221;1553&#8243; img_size=&#8221;full&#8221; css=&#8221;.vc_custom_1593467374320{margin-top: 0px !important;margin-right: 0px !important;margin-bottom: 0px !important;margin-left: 0px !important;padding-top: 0px !important;padding-right: 0px !important;padding-bottom: 0px !important;padding-left: 0px !important;}&#8221;][\/vc_column][\/vc_row][vc_row equal_height=&#8221;yes&#8221; content_placement=&#8221;middle&#8221; css=&#8221;.vc_custom_1593873990266{padding-top: 0px !important;padding-bottom: 0px !important;}&#8221; el_id=&#8221;gouveio&#8221;][vc_column css=&#8221;.vc_custom_1460370846525{margin-top: 0px !important;margin-right: 0px !important;margin-bottom: 0px !important;margin-left: 0px !important;padding-top: 0px !important;padding-right: 0px !important;padding-bottom: 0px !important;padding-left: 0px !important;}&#8221; offset=&#8221;vc_col-lg-6 vc_col-md-6&#8243;][vc_single_image image=&#8221;1555&#8243; img_size=&#8221;full&#8221; css=&#8221;.vc_custom_1593467479251{margin-top: 0px !important;margin-right: 0px !important;margin-bottom: 0px !important;margin-left: 0px !important;padding-top: 0px !important;padding-right: 0px !important;padding-bottom: 0px !important;padding-left: 0px !important;}&#8221;][\/vc_column][vc_column css=&#8221;.vc_custom_1593467523422{padding-top: 5% !important;padding-right: 10% !important;padding-bottom: 5% !important;padding-left: 10% !important;background-color: #ffffff !important;}&#8221; offset=&#8221;vc_col-lg-6 vc_col-md-6&#8243;]\n\t<div class=\"title-subtitle-box \" style=\" text-align: center;\">\n\t\t<h2 style=\" font-weight: normal;\" >Gouveio<\/h2>\n\t<\/div> [vc_column_text css=&#8221;.vc_custom_1602716690741{margin-bottom: 90px !important;}&#8221;]Profitable in Douro region, Gouveio grape variety is today spread throughout the continental territory. For years it was wrongly cataloged as Verdelho, a condition that led to some misunderstanding between the two nomenclatures. It is a productive and relatively precocious variety, moderately generous in yields, sensitive to powdery mildew and late rains, with medium and compact bunches that produce small yellowish-green grapes. As it is a grape naturally rich in acids, which provides fresh and alive wines, its spread to the south, especially to the Alentejo, has been fruitful and fast.<\/p>\n<p>It gives rise to wines with firm acidity and good alcohol content, full-bodied, with fresh and citrus aromas, with notes of peach and anise, with a good balance between acidity and sugar. Enjoys good conditions to present a good aging in bottle.[\/vc_column_text][\/vc_column][\/vc_row][vc_row equal_height=&#8221;yes&#8221; content_placement=&#8221;middle&#8221; css=&#8221;.vc_custom_1593873999547{padding-top: 0px !important;}&#8221; el_id=&#8221;malvasiafina&#8221;][vc_column css=&#8221;.vc_custom_1593467512707{padding-top: 5% !important;padding-right: 10% !important;padding-bottom: 5% !important;padding-left: 10% !important;background-color: #ffffff !important;}&#8221; offset=&#8221;vc_col-lg-6 vc_col-md-6&#8243;]\n\t<div class=\"title-subtitle-box \" style=\" text-align: center;\">\n\t\t<h2 style=\" font-weight: normal;\" >Malvasia Fina<\/h2>\n\t<\/div> [vc_column_text css=&#8221;.vc_custom_1602716714422{margin-bottom: 90px !important;}&#8221;]Malvasia Fina is present in the northern interior of Portugal, especially in Douro, D\u00e3o and Beira Interior, also appearing in the sub-region of T\u00e1vora-Varosa and Lisbon. It is particularly sensitive, providing extremely variable and inconsistent yields.<\/p>\n<p>As a rule, wines announce molasses symptoms in the nose and mouth, vague notes of wax and nutmeg, combined with smoky sensations, even when the wine does not undergo any aging in wood. Malvasia Fina wines are traditionally discreet, not too intense, reasonably fresh and moderately complex. It is a blended grape variety that in the cooler regions and when harvested early acts as a base for sparkling wine, with proven evidence in the regions of T\u00e1vora-Varosa and Lamego.[\/vc_column_text][\/vc_column][vc_column css=&#8221;.vc_custom_1460370866457{margin-top: 0px !important;margin-right: 0px !important;margin-bottom: 0px !important;margin-left: 0px !important;padding-top: 0px !important;padding-right: 0px !important;padding-bottom: 0px !important;padding-left: 0px !important;}&#8221; offset=&#8221;vc_col-lg-6 vc_col-md-6&#8243;][vc_single_image image=&#8221;1557&#8243; img_size=&#8221;full&#8221; css=&#8221;.vc_custom_1593467497482{margin-top: 0px !important;margin-right: 0px !important;margin-bottom: 0px !important;margin-left: 0px !important;padding-top: 0px !important;padding-right: 0px !important;padding-bottom: 0px !important;padding-left: 0px !important;}&#8221;][\/vc_column][\/vc_row]<\/p>\n","protected":false},"excerpt":{"rendered":"<p>[vc_row css=&#8221;.vc_custom_1593641104274{margin-top: 50px !important;padding-top: 0px !important;padding-bottom: 0px !important;}&#8221;][vc_column][vc_column_text]In Portugal there is a wide variety of indigenous grape varieties (about 300) but only about 30 are authorized in Douro Demarcated Region for the production of Port Wine. Although the production of DOC DOURO wines does not have this legal obligation, in the second half of the<br class=\"read-more-spacer\"> <a class=\"more-link\" href=\"https:\/\/www.quintaferreiradebaixo.pt\/en\/grape-varieties\/\">Read More<\/a><\/p>\n","protected":false},"author":1,"featured_media":0,"parent":0,"menu_order":0,"comment_status":"closed","ping_status":"closed","template":"","meta":{"_acf_changed":false,"inline_featured_image":false,"footnotes":""},"class_list":["post-2157","page","type-page","status-publish","hentry"],"acf":[],"yoast_head":"<!-- This site is optimized with the Yoast SEO plugin v23.4 - https:\/\/yoast.com\/wordpress\/plugins\/seo\/ -->\n<title>Grape Varieties - Quinta da Ferreira de Baixo<\/title>\n<meta name=\"robots\" content=\"index, follow, max-snippet:-1, max-image-preview:large, max-video-preview:-1\" \/>\n<link rel=\"canonical\" href=\"https:\/\/www.quintaferreiradebaixo.pt\/en\/grape-varieties\/\" \/>\n<meta property=\"og:locale\" content=\"en_US\" \/>\n<meta property=\"og:type\" content=\"article\" \/>\n<meta property=\"og:title\" content=\"Grape Varieties - Quinta da Ferreira de Baixo\" \/>\n<meta property=\"og:description\" content=\"[vc_row css=&#8221;.vc_custom_1593641104274{margin-top: 50px !important;padding-top: 0px !important;padding-bottom: 0px !important;}&#8221;][vc_column][vc_column_text]In Portugal there is a wide variety of indigenous grape varieties (about 300) but only about 30 are authorized in Douro Demarcated Region for the production of Port Wine. Although the production of DOC DOURO wines does not have this legal obligation, in the second half of the Read More\" \/>\n<meta property=\"og:url\" content=\"https:\/\/www.quintaferreiradebaixo.pt\/en\/grape-varieties\/\" \/>\n<meta property=\"og:site_name\" content=\"Quinta da Ferreira de Baixo\" \/>\n<meta property=\"article:modified_time\" content=\"2020-10-14T23:05:24+00:00\" \/>\n<meta name=\"twitter:card\" content=\"summary_large_image\" \/>\n<meta name=\"twitter:label1\" content=\"Est. reading time\" \/>\n\t<meta name=\"twitter:data1\" content=\"9 minutes\" \/>\n<script type=\"application\/ld+json\" class=\"yoast-schema-graph\">{\"@context\":\"https:\/\/schema.org\",\"@graph\":[{\"@type\":\"WebPage\",\"@id\":\"https:\/\/www.quintaferreiradebaixo.pt\/en\/grape-varieties\/\",\"url\":\"https:\/\/www.quintaferreiradebaixo.pt\/en\/grape-varieties\/\",\"name\":\"Grape Varieties - Quinta da Ferreira de Baixo\",\"isPartOf\":{\"@id\":\"https:\/\/www.quintaferreiradebaixo.pt\/#website\"},\"datePublished\":\"2020-05-18T22:56:40+00:00\",\"dateModified\":\"2020-10-14T23:05:24+00:00\",\"breadcrumb\":{\"@id\":\"https:\/\/www.quintaferreiradebaixo.pt\/en\/grape-varieties\/#breadcrumb\"},\"inLanguage\":\"en-US\",\"potentialAction\":[{\"@type\":\"ReadAction\",\"target\":[\"https:\/\/www.quintaferreiradebaixo.pt\/en\/grape-varieties\/\"]}]},{\"@type\":\"BreadcrumbList\",\"@id\":\"https:\/\/www.quintaferreiradebaixo.pt\/en\/grape-varieties\/#breadcrumb\",\"itemListElement\":[{\"@type\":\"ListItem\",\"position\":1,\"name\":\"In\u00edcio\",\"item\":\"https:\/\/www.quintaferreiradebaixo.pt\/en\/\"},{\"@type\":\"ListItem\",\"position\":2,\"name\":\"Grape Varieties\"}]},{\"@type\":\"WebSite\",\"@id\":\"https:\/\/www.quintaferreiradebaixo.pt\/#website\",\"url\":\"https:\/\/www.quintaferreiradebaixo.pt\/\",\"name\":\"Quinta da Ferreira de Baixo\",\"description\":\"\",\"publisher\":{\"@id\":\"https:\/\/www.quintaferreiradebaixo.pt\/#organization\"},\"potentialAction\":[{\"@type\":\"SearchAction\",\"target\":{\"@type\":\"EntryPoint\",\"urlTemplate\":\"https:\/\/www.quintaferreiradebaixo.pt\/?s={search_term_string}\"},\"query-input\":{\"@type\":\"PropertyValueSpecification\",\"valueRequired\":true,\"valueName\":\"search_term_string\"}}],\"inLanguage\":\"en-US\"},{\"@type\":\"Organization\",\"@id\":\"https:\/\/www.quintaferreiradebaixo.pt\/#organization\",\"name\":\"Quinta da Ferreira de Baixo\",\"url\":\"https:\/\/www.quintaferreiradebaixo.pt\/\",\"logo\":{\"@type\":\"ImageObject\",\"inLanguage\":\"en-US\",\"@id\":\"https:\/\/www.quintaferreiradebaixo.pt\/#\/schema\/logo\/image\/\",\"url\":\"https:\/\/www.quintaferreiradebaixo.pt\/wp-content\/uploads\/2020\/07\/logo_quintaferreiradebaixo_gold.png\",\"contentUrl\":\"https:\/\/www.quintaferreiradebaixo.pt\/wp-content\/uploads\/2020\/07\/logo_quintaferreiradebaixo_gold.png\",\"width\":343,\"height\":191,\"caption\":\"Quinta da Ferreira de Baixo\"},\"image\":{\"@id\":\"https:\/\/www.quintaferreiradebaixo.pt\/#\/schema\/logo\/image\/\"}}]}<\/script>\n<!-- \/ Yoast SEO plugin. -->","yoast_head_json":{"title":"Grape Varieties - Quinta da Ferreira de Baixo","robots":{"index":"index","follow":"follow","max-snippet":"max-snippet:-1","max-image-preview":"max-image-preview:large","max-video-preview":"max-video-preview:-1"},"canonical":"https:\/\/www.quintaferreiradebaixo.pt\/en\/grape-varieties\/","og_locale":"en_US","og_type":"article","og_title":"Grape Varieties - Quinta da Ferreira de Baixo","og_description":"[vc_row css=&#8221;.vc_custom_1593641104274{margin-top: 50px !important;padding-top: 0px !important;padding-bottom: 0px !important;}&#8221;][vc_column][vc_column_text]In Portugal there is a wide variety of indigenous grape varieties (about 300) but only about 30 are authorized in Douro Demarcated Region for the production of Port Wine. Although the production of DOC DOURO wines does not have this legal obligation, in the second half of the Read More","og_url":"https:\/\/www.quintaferreiradebaixo.pt\/en\/grape-varieties\/","og_site_name":"Quinta da Ferreira de Baixo","article_modified_time":"2020-10-14T23:05:24+00:00","twitter_card":"summary_large_image","twitter_misc":{"Est. reading time":"9 minutes"},"schema":{"@context":"https:\/\/schema.org","@graph":[{"@type":"WebPage","@id":"https:\/\/www.quintaferreiradebaixo.pt\/en\/grape-varieties\/","url":"https:\/\/www.quintaferreiradebaixo.pt\/en\/grape-varieties\/","name":"Grape Varieties - Quinta da Ferreira de Baixo","isPartOf":{"@id":"https:\/\/www.quintaferreiradebaixo.pt\/#website"},"datePublished":"2020-05-18T22:56:40+00:00","dateModified":"2020-10-14T23:05:24+00:00","breadcrumb":{"@id":"https:\/\/www.quintaferreiradebaixo.pt\/en\/grape-varieties\/#breadcrumb"},"inLanguage":"en-US","potentialAction":[{"@type":"ReadAction","target":["https:\/\/www.quintaferreiradebaixo.pt\/en\/grape-varieties\/"]}]},{"@type":"BreadcrumbList","@id":"https:\/\/www.quintaferreiradebaixo.pt\/en\/grape-varieties\/#breadcrumb","itemListElement":[{"@type":"ListItem","position":1,"name":"In\u00edcio","item":"https:\/\/www.quintaferreiradebaixo.pt\/en\/"},{"@type":"ListItem","position":2,"name":"Grape Varieties"}]},{"@type":"WebSite","@id":"https:\/\/www.quintaferreiradebaixo.pt\/#website","url":"https:\/\/www.quintaferreiradebaixo.pt\/","name":"Quinta da Ferreira de Baixo","description":"","publisher":{"@id":"https:\/\/www.quintaferreiradebaixo.pt\/#organization"},"potentialAction":[{"@type":"SearchAction","target":{"@type":"EntryPoint","urlTemplate":"https:\/\/www.quintaferreiradebaixo.pt\/?s={search_term_string}"},"query-input":{"@type":"PropertyValueSpecification","valueRequired":true,"valueName":"search_term_string"}}],"inLanguage":"en-US"},{"@type":"Organization","@id":"https:\/\/www.quintaferreiradebaixo.pt\/#organization","name":"Quinta da Ferreira de Baixo","url":"https:\/\/www.quintaferreiradebaixo.pt\/","logo":{"@type":"ImageObject","inLanguage":"en-US","@id":"https:\/\/www.quintaferreiradebaixo.pt\/#\/schema\/logo\/image\/","url":"https:\/\/www.quintaferreiradebaixo.pt\/wp-content\/uploads\/2020\/07\/logo_quintaferreiradebaixo_gold.png","contentUrl":"https:\/\/www.quintaferreiradebaixo.pt\/wp-content\/uploads\/2020\/07\/logo_quintaferreiradebaixo_gold.png","width":343,"height":191,"caption":"Quinta da Ferreira de Baixo"},"image":{"@id":"https:\/\/www.quintaferreiradebaixo.pt\/#\/schema\/logo\/image\/"}}]}},"_links":{"self":[{"href":"https:\/\/www.quintaferreiradebaixo.pt\/en\/wp-json\/wp\/v2\/pages\/2157"}],"collection":[{"href":"https:\/\/www.quintaferreiradebaixo.pt\/en\/wp-json\/wp\/v2\/pages"}],"about":[{"href":"https:\/\/www.quintaferreiradebaixo.pt\/en\/wp-json\/wp\/v2\/types\/page"}],"author":[{"embeddable":true,"href":"https:\/\/www.quintaferreiradebaixo.pt\/en\/wp-json\/wp\/v2\/users\/1"}],"replies":[{"embeddable":true,"href":"https:\/\/www.quintaferreiradebaixo.pt\/en\/wp-json\/wp\/v2\/comments?post=2157"}],"version-history":[{"count":0,"href":"https:\/\/www.quintaferreiradebaixo.pt\/en\/wp-json\/wp\/v2\/pages\/2157\/revisions"}],"wp:attachment":[{"href":"https:\/\/www.quintaferreiradebaixo.pt\/en\/wp-json\/wp\/v2\/media?parent=2157"}],"curies":[{"name":"wp","href":"https:\/\/api.w.org\/{rel}","templated":true}]}}