{"id":2128,"date":"2016-03-15T14:31:38","date_gmt":"2016-03-15T14:31:38","guid":{"rendered":"https:\/\/www.quintaferreiradebaixo.pt\/nossa-historia\/"},"modified":"2020-10-15T21:53:15","modified_gmt":"2020-10-15T21:53:15","slug":"our-history","status":"publish","type":"page","link":"https:\/\/www.quintaferreiradebaixo.pt\/en\/our-history\/","title":{"rendered":"Our History"},"content":{"rendered":"<p>[vc_row full_width=&#8221;stretch_row&#8221; css=&#8221;.vc_custom_1593540716716{margin-top: 150px !important;padding-top: 120px !important;background-image: url(http:\/\/www.quintaferreiradebaixo.pt\/wp-content\/uploads\/2020\/05\/slide-2-background.png?id=1354) !important;background-position: 0 0 !important;background-repeat: no-repeat !important;}&#8221; el_class=&#8221;gg-force-background-bottom&#8221;][vc_column width=&#8221;1\/2&#8243;][vc_column_text]<\/p>\n<p style=\"color: #fff;\">The Quinta da Ferreira de Baixo project accrues from the search of bring-ing back childhood memories, part of them linked to the land. Impressed by the ravishing beauty of the place, we acquired the Quinta in 2007 and, from then on, we began to embody the idea of adapting and shaping this admirable space to our essence, not deviating from the primary objective of producing and, thus, making it possible to enjoy high quality wines, an attribute of the region, but imbued with a very special affection. Our wines, born in a unique terroir, are accompanied with the greatest care from the vine to the vinification, made with minimal intervention, which generates wines of excellence, with a very own identity and without artifice, with re-spect for their land and people, reconciled with their origin and nature.<\/p>\n<p>[\/vc_column_text][\/vc_column][vc_column width=&#8221;1\/2&#8243;]\n\t<div class=\"title-subtitle-box \" style=\" padding: 50px 0 0 0px; text-align: center;\">\n\t\t<h1 style=\" color:#ffffff;  font-weight: normal;\" >wines of excellence, with a very own identity and without artifice<\/h1>\n\t<\/div> [\/vc_column][\/vc_row][vc_row full_width=&#8221;stretch_row&#8221; css=&#8221;.vc_custom_1589761764678{background-position: 0 0 !important;background-repeat: no-repeat !important;}&#8221; el_class=&#8221;gg-force-background-bottom-no-cover&#8221;][vc_column width=&#8221;1\/2&#8243; css=&#8221;.vc_custom_1458310150528{padding-right: 5% !important;padding-left: 5% !important;}&#8221;]\n\t<div class=\"title-subtitle-box \" style=\" text-align: left;\">\n\t\t<p style=\"\">Winemaking philosophy<\/p>\n\t<\/div> [vc_column_text]Quinta da Ferreira de Baixo has created an identity and presents excellence in viticulture, producing high quality wines, in harmony with environmentally friendly phytosanitary protection processes. The vineyard is <u>accompanied <\/u>by integrated production practices, safeguarding biological and toxicological aspects.<\/p>\n<p>The interventions in the winery follow a minimalist philosophy and careful handling to fully capture the potential of the raw material, producing wines with personality.[\/vc_column_text][\/vc_column][vc_column width=&#8221;1\/2&#8243;]\n\t<div class=\"title-subtitle-box \" style=\" text-align: left;\">\n\t\t<p style=\"\">Vision<\/p>\n\t<\/div> [vc_column_text]Our goal is the production of \u201c<strong>Quinta Wines<\/strong>\u201d that represent the sub-region (Baixo Corgo) where the quinta is located, respecting the terroir and the grape varieties as much as possible and producing wines of great quality and with different personalities.[\/vc_column_text][\/vc_column][\/vc_row][vc_row full_width=&#8221;stretch_row&#8221; css=&#8221;.vc_custom_1460974692501{background-color: #f1f1f1 !important;}&#8221;][vc_column]\n\t<div class=\"title-subtitle-box \" style=\" margin-bottom:90px; text-align: left;\">\n\t\t<h1 style=\" font-weight: normal;\" >Our History<\/h1>\n\t<\/div> <section id=\"cd-timeline\" class=\"cd-container horizontal\">\n\t<div class=\"cd-timeline-block\">\n\t\t<div class=\"cd-timeline-img cd-picture\">\n\t\t<img decoding=\"async\" src=\"https:\/\/www.quintaferreiradebaixo.pt\/wp-content\/themes\/villenoir\/images\/cd-icon-location.svg\" alt=\"Location\">\n\t\t<\/div>\n\t\t<div class=\"cd-timeline-content\">\n\t\t <img decoding=\"async\" class=\"wp-post-image \" src=\"https:\/\/www.quintaferreiradebaixo.pt\/wp-content\/uploads\/2020\/06\/foto-casa-antiga.png\" alt=\"\" \/> \n\t\t<div class=\"cd-timeline-content-wrapper\">\n\t\t<p class=\"cd-title\">Buying the Vineyard Farm<\/p>\n\t\t<p>MARCO 3 wines are the corollary of a common project by Georgina Tom\u00e9 and Lu\u00eds Verdelho, a couple who were hopelessly dazzled by the charms of the Demarcated Wine Region of Douro and who, since 2007, when acquiring the property, have been reconciling their Lisbon life, connected to mathematics education and medicine, with the gradual growth of a vineyard cherished under their orientation.<\/p>\n\t\t<h4 class=\"cd-date\">2007<\/h4>\n\t\t<\/div>\n\t\t<\/div>\n\t<\/div>\n\t<div class=\"cd-timeline-block\">\n\t\t<div class=\"cd-timeline-img cd-picture\">\n\t\t<img decoding=\"async\" src=\"https:\/\/www.quintaferreiradebaixo.pt\/wp-content\/themes\/villenoir\/images\/cd-icon-location.svg\" alt=\"Location\">\n\t\t<\/div>\n\t\t<div class=\"cd-timeline-content\">\n\t\t <img decoding=\"async\" class=\"wp-post-image \" src=\"https:\/\/www.quintaferreiradebaixo.pt\/wp-content\/uploads\/2020\/06\/FOTO-PRIMEIRA-PRODU\u00c7\u00c3O.png\" alt=\"\" \/> \n\t\t<div class=\"cd-timeline-content-wrapper\">\n\t\t<p class=\"cd-title\">First production<\/p>\n\t\t<p><\/p>\n\t\t<h4 class=\"cd-date\">2008<\/h4>\n\t\t<\/div>\n\t\t<\/div>\n\t<\/div>\n\t<div class=\"cd-timeline-block\">\n\t\t<div class=\"cd-timeline-img cd-picture\">\n\t\t<img decoding=\"async\" src=\"https:\/\/www.quintaferreiradebaixo.pt\/wp-content\/themes\/villenoir\/images\/cd-icon-location.svg\" alt=\"Location\">\n\t\t<\/div>\n\t\t<div class=\"cd-timeline-content\">\n\t\t <img decoding=\"async\" class=\"wp-post-image \" src=\"https:\/\/www.quintaferreiradebaixo.pt\/wp-content\/uploads\/2020\/06\/Foto-Casa-nova.png\" alt=\"\" \/> \n\t\t<div class=\"cd-timeline-content-wrapper\">\n\t\t<p class=\"cd-title\">House Reconstruction<\/p>\n\t\t<p><\/p>\n\t\t<h4 class=\"cd-date\">2012<\/h4>\n\t\t<\/div>\n\t\t<\/div>\n\t<\/div>\n\t<div class=\"cd-timeline-block\">\n\t\t<div class=\"cd-timeline-img cd-picture\">\n\t\t<img decoding=\"async\" src=\"https:\/\/www.quintaferreiradebaixo.pt\/wp-content\/themes\/villenoir\/images\/cd-icon-location.svg\" alt=\"Location\">\n\t\t<\/div>\n\t\t<div class=\"cd-timeline-content\">\n\t\t <img decoding=\"async\" class=\"wp-post-image \" src=\"https:\/\/www.quintaferreiradebaixo.pt\/wp-content\/uploads\/2020\/06\/Foto-Vinhas.png\" alt=\"\" \/> \n\t\t<div class=\"cd-timeline-content-wrapper\">\n\t\t<p class=\"cd-title\">Starting the DOC Wines<\/p>\n\t\t<p>The Douro quickly took over their lives and, currently vitiviniculture is already the main occupation of Georgina Tom\u00e9, who in the meantime deepened her knowledge in this area, with a Master's degree in Oenology and Viticulture at the University of Tr\u00e1s os Montes and Alto Douro (UTAD) which she attended from 2017 to 2019.<\/p>\n<p>The successful completion of the Curricular Units that make up the curriculum of this Master Degree earned her the certification of Associate Degree in Oenology and Viticulture, but most importantly it prompted the motivation for the large investment that was hence made concerning the improvement of viticultural practices for the production of high quality grapes, as well as for winemaking processes. At the winery, the experience and dedication of the winemaker Francisco Gon\u00e7alves, who became part of the team, and who, following a minimalist philosophy associated with careful handling of the grapes for maximum capture of the potential of the involved grape varieties, contributed decisively to the excellence and personality of the wines that we now present.<\/p>\n\t\t<h4 class=\"cd-date\">2017<\/h4>\n\t\t<\/div>\n\t\t<\/div>\n\t<\/div>\n\t<div class=\"cd-timeline-block\">\n\t\t<div class=\"cd-timeline-img cd-picture\">\n\t\t<img decoding=\"async\" src=\"https:\/\/www.quintaferreiradebaixo.pt\/wp-content\/themes\/villenoir\/images\/cd-icon-location.svg\" alt=\"Location\">\n\t\t<\/div>\n\t\t<div class=\"cd-timeline-content\">\n\t\t <img decoding=\"async\" class=\"wp-post-image \" src=\"https:\/\/www.quintaferreiradebaixo.pt\/wp-content\/uploads\/2020\/06\/Foto-garrafa-2020_marco.jpg\" alt=\"\" \/> \n\t\t<div class=\"cd-timeline-content-wrapper\">\n\t\t<p class=\"cd-title\">First<br \/>\nMarco 3<br \/>\nDOC Douro<\/p>\n\t\t<p><\/p>\n\t\t<h4 class=\"cd-date\">2020<\/h4>\n\t\t<\/div>\n\t\t<\/div>\n\t<\/div><\/section>[\/vc_column][\/vc_row][vc_row disable_element=&#8221;yes&#8221;][vc_column][vc_row_inner disable_element=&#8221;yes&#8221;][vc_column_inner]\n\t<div class=\"title-subtitle-box \" style=\" text-align: center;\">\n\t\t<h1 style=\" font-weight: normal;\" >Lorem Ipsum<\/h1>\n\t<\/div> [vc_column_text]Lorem ipsum dolor sit amet, consectetur adipiscing elit. Proin eu urna pretium, fermentum risus aliquam, pulvinar mauris. Nunc sit amet orci placerat, auctor urna at, euismod tellus.<\/p>\n<p>Aenean vehicula augue ante, vel suscipit enim ullamcorper vel. Quisque nec nunc lorem. Duis interdum orci et neque elementum fermentum.[\/vc_column_text][\/vc_column_inner][\/vc_row_inner][vc_row_inner disable_element=&#8221;yes&#8221;][vc_column_inner width=&#8221;1\/6&#8243;][\/vc_column_inner][vc_column_inner width=&#8221;2\/6&#8243;]\n\t<div class=\"featured-image-box  text-align-left\">\n\t\t<figure class=\" default\">\n\t\t\t <img decoding=\"async\" class=\"wp-post-image default\" src=\"https:\/\/www.quintaferreiradebaixo.pt\/wp-content\/uploads\/2020\/05\/grapes.png\" alt=\"\" \/> \n\t\t<figcaption>\n\t\t\t<h4>Castas<\/h4>\n\t\t\t<p>Em Portugal existe uma grande variedade de castas aut\u00f3ctones (cerca de 300), mas destas, apenas cerca de 30 est\u00e3o autorizadas na Regi\u00e3o Demarcada do Douro para produ\u00e7\u00e3o de Vinho do Porto.<\/p>\n\t\t<\/figcaption>\n\t\t<\/figure>\n\t<\/div> [vc_btn title=&#8221;Saiba mais&#8221; style=&#8221;custom&#8221; custom_background=&#8221;#b0976d&#8221; custom_text=&#8221;#ffffff&#8221; shape=&#8221;square&#8221; link=&#8221;url:http%3A%2F%2Fquintaferreiradebaixo.sitedev.pt%2Fcastas%2F|title:Castas||&#8221;]\n\t<div class=\"featured-image-box  text-align-left\">\n\t\t<figure class=\" default\">\n\t\t\t <img decoding=\"async\" class=\"wp-post-image default\" src=\"https:\/\/www.quintaferreiradebaixo.pt\/wp-content\/uploads\/2020\/05\/corks.png\" alt=\"\" \/> \n\t\t<figcaption>\n\t\t\t<h4>Rolha<\/h4>\n\t\t\t<p>Nunc gravida malesuada luctus. Fusce viverra nisl quis nulla dapibus, ac elementum lectus scelerisque. Proin fringilla dolor non sapien pellentesque<\/p>\n\t\t<\/figcaption>\n\t\t<\/figure>\n\t<\/div> [\/vc_column_inner][vc_column_inner width=&#8221;2\/6&#8243;]\n\t<div class=\"featured-image-box  text-align-left\">\n\t\t<figure class=\" default\">\n\t\t\t <img decoding=\"async\" class=\"wp-post-image default\" src=\"https:\/\/www.quintaferreiradebaixo.pt\/wp-content\/uploads\/2020\/05\/barrels.png\" alt=\"\" \/> \n\t\t<figcaption>\n\t\t\t<h4>Barricas<\/h4>\n\t\t\t<p>Nunc gravida malesuada luctus. Fusce viverra nisl quis nulla dapibus, ac elementum lectus scelerisque. Proin fringilla dolor non sapien pellentesque<\/p>\n\t\t<\/figcaption>\n\t\t<\/figure>\n\t<\/div> \n\t<div class=\"featured-image-box  text-align-left\">\n\t\t<figure class=\" default\">\n\t\t\t <img decoding=\"async\" class=\"wp-post-image default\" src=\"https:\/\/www.quintaferreiradebaixo.pt\/wp-content\/uploads\/2020\/05\/cellar.png\" alt=\"\" \/> \n\t\t<figcaption>\n\t\t\t<h4>M\u00e9todo de Envelhecimento<\/h4>\n\t\t\t<p>Os nossos vinhos estagiam em inox e em barricas de carvalho franc\u00eas, novas e usadas, de acordo com o seu patamar. Nos vinhos brancos colheita, exploramos o potencial das castas fermentando em inox.<\/p>\n\t\t<\/figcaption>\n\t\t<\/figure>\n\t<\/div> [\/vc_column_inner][vc_column_inner width=&#8221;1\/6&#8243;][\/vc_column_inner][\/vc_row_inner][\/vc_column][\/vc_row][vc_row full_width=&#8221;stretch_row&#8221; disable_element=&#8221;yes&#8221; css=&#8221;.vc_custom_1593860688815{background-image: url(http:\/\/www.quintaferreiradebaixo.pt\/wp-content\/uploads\/2020\/06\/Foto-garrafeira1.jpg?id=1503) !important;background-position: center !important;background-repeat: no-repeat !important;background-size: cover !important;}&#8221;][vc_column][vc_cta h2=&#8221;Adega&#8221; h2_font_container=&#8221;font_size:41px&#8221; h2_google_fonts=&#8221;font_family:Playfair%20Display%3Aregular%2Citalic%2C700%2C700italic%2C900%2C900italic|font_style:400%20regular%3A400%3Anormal&#8221; h4=&#8221;Onde a magia acontece&#8230;&#8221; h4_font_container=&#8221;font_size:25px&#8221; h4_google_fonts=&#8221;font_family:Yesteryear%3Aregular|font_style:400%20regular%3A400%3Anormal&#8221; txt_align=&#8221;center&#8221; shape=&#8221;square&#8221; style=&#8221;custom&#8221; el_width=&#8221;lg&#8221; add_button=&#8221;bottom&#8221; btn_title=&#8221;Saber mais&#8221; btn_style=&#8221;custom&#8221; btn_custom_background=&#8221;#b0976d&#8221; btn_custom_text=&#8221;#ffffff&#8221; btn_shape=&#8221;square&#8221; btn_align=&#8221;center&#8221; use_custom_fonts_h2=&#8221;true&#8221; use_custom_fonts_h4=&#8221;true&#8221; custom_background=&#8221;rgba(17,17,17,0.8)&#8221; btn_link=&#8221;url:http%3A%2F%2Fquintaferreiradebaixo.sitedev.pt%2Fadega%2F|title:Adega||&#8221; custom_text=&#8221;#ffffff&#8221;]<\/p>\n<div class=\"row\">\n<div class=\"col-md-4\"><img loading=\"lazy\" decoding=\"async\" class=\"alignnone size-full wp-image-1534\" src=\"http:\/\/www.quintaferreiradebaixo.pt\/wp-content\/uploads\/2020\/06\/barrels.png\" alt=\"\" width=\"280\" height=\"194\" \/><\/div>\n<div class=\"col-md-4\"><img loading=\"lazy\" decoding=\"async\" class=\"alignnone size-medium wp-image-1606\" src=\"https:\/\/www.quintaferreiradebaixo.pt\/wp-content\/uploads\/2020\/07\/LuisVerdelho_adega-300x208.png\" alt=\"\" width=\"300\" height=\"208\" srcset=\"https:\/\/www.quintaferreiradebaixo.pt\/wp-content\/uploads\/2020\/07\/LuisVerdelho_adega-300x208.png 300w, https:\/\/www.quintaferreiradebaixo.pt\/wp-content\/uploads\/2020\/07\/LuisVerdelho_adega.png 720w\" sizes=\"(max-width: 300px) 100vw, 300px\" \/><\/div>\n<div class=\"col-md-4\"><img loading=\"lazy\" decoding=\"async\" class=\"alignnone size-medium wp-image-1532\" src=\"https:\/\/www.quintaferreiradebaixo.pt\/wp-content\/uploads\/2020\/06\/Foto-Garrafeira-Georgina-e-Pedro-1-300x209.png\" alt=\"\" width=\"300\" height=\"209\" srcset=\"https:\/\/www.quintaferreiradebaixo.pt\/wp-content\/uploads\/2020\/06\/Foto-Garrafeira-Georgina-e-Pedro-1-300x209.png 300w, https:\/\/www.quintaferreiradebaixo.pt\/wp-content\/uploads\/2020\/06\/Foto-Garrafeira-Georgina-e-Pedro-1.png 720w\" sizes=\"(max-width: 300px) 100vw, 300px\" \/><\/div>\n<\/div>\n<p>[\/vc_cta][\/vc_column][\/vc_row]<\/p>\n","protected":false},"excerpt":{"rendered":"<p>[vc_row full_width=&#8221;stretch_row&#8221; css=&#8221;.vc_custom_1593540716716{margin-top: 150px !important;padding-top: 120px !important;background-image: url(http:\/\/www.quintaferreiradebaixo.pt\/wp-content\/uploads\/2020\/05\/slide-2-background.png?id=1354) !important;background-position: 0 0 !important;background-repeat: no-repeat !important;}&#8221; el_class=&#8221;gg-force-background-bottom&#8221;][vc_column width=&#8221;1\/2&#8243;][vc_column_text] The Quinta da Ferreira de Baixo project accrues from the search of bring-ing back childhood memories, part of them linked to the land. Impressed by the ravishing beauty of the place, we acquired the Quinta in 2007 and, from<br class=\"read-more-spacer\"> <a class=\"more-link\" href=\"https:\/\/www.quintaferreiradebaixo.pt\/en\/our-history\/\">Read More<\/a><\/p>\n","protected":false},"author":1,"featured_media":0,"parent":0,"menu_order":0,"comment_status":"closed","ping_status":"closed","template":"","meta":{"_acf_changed":false,"inline_featured_image":false,"footnotes":""},"class_list":["post-2128","page","type-page","status-publish","hentry"],"acf":[],"yoast_head":"<!-- This site is optimized with the Yoast SEO plugin v23.4 - https:\/\/yoast.com\/wordpress\/plugins\/seo\/ -->\n<title>Our History - Quinta da Ferreira de Baixo<\/title>\n<meta name=\"robots\" content=\"index, follow, max-snippet:-1, max-image-preview:large, max-video-preview:-1\" \/>\n<link rel=\"canonical\" href=\"https:\/\/www.quintaferreiradebaixo.pt\/en\/our-history\/\" \/>\n<meta property=\"og:locale\" content=\"en_US\" \/>\n<meta property=\"og:type\" content=\"article\" \/>\n<meta property=\"og:title\" content=\"Our History - Quinta da Ferreira de Baixo\" \/>\n<meta property=\"og:description\" content=\"[vc_row full_width=&#8221;stretch_row&#8221; css=&#8221;.vc_custom_1593540716716{margin-top: 150px !important;padding-top: 120px !important;background-image: url(http:\/\/www.quintaferreiradebaixo.pt\/wp-content\/uploads\/2020\/05\/slide-2-background.png?id=1354) !important;background-position: 0 0 !important;background-repeat: no-repeat !important;}&#8221; el_class=&#8221;gg-force-background-bottom&#8221;][vc_column width=&#8221;1\/2&#8243;][vc_column_text] The Quinta da Ferreira de Baixo project accrues from the search of bring-ing back childhood memories, part of them linked to the land. Impressed by the ravishing beauty of the place, we acquired the Quinta in 2007 and, from Read More\" \/>\n<meta property=\"og:url\" content=\"https:\/\/www.quintaferreiradebaixo.pt\/en\/our-history\/\" \/>\n<meta property=\"og:site_name\" content=\"Quinta da Ferreira de Baixo\" \/>\n<meta property=\"article:modified_time\" content=\"2020-10-15T21:53:15+00:00\" \/>\n<meta property=\"og:image\" content=\"http:\/\/www.quintaferreiradebaixo.pt\/wp-content\/uploads\/2020\/06\/barrels.png\" \/>\n<meta name=\"twitter:card\" content=\"summary_large_image\" \/>\n<meta name=\"twitter:label1\" content=\"Est. reading time\" \/>\n\t<meta name=\"twitter:data1\" content=\"6 minutes\" \/>\n<script type=\"application\/ld+json\" class=\"yoast-schema-graph\">{\"@context\":\"https:\/\/schema.org\",\"@graph\":[{\"@type\":\"WebPage\",\"@id\":\"https:\/\/www.quintaferreiradebaixo.pt\/en\/our-history\/\",\"url\":\"https:\/\/www.quintaferreiradebaixo.pt\/en\/our-history\/\",\"name\":\"Our History - Quinta da Ferreira de Baixo\",\"isPartOf\":{\"@id\":\"https:\/\/www.quintaferreiradebaixo.pt\/#website\"},\"primaryImageOfPage\":{\"@id\":\"https:\/\/www.quintaferreiradebaixo.pt\/en\/our-history\/#primaryimage\"},\"image\":{\"@id\":\"https:\/\/www.quintaferreiradebaixo.pt\/en\/our-history\/#primaryimage\"},\"thumbnailUrl\":\"http:\/\/www.quintaferreiradebaixo.pt\/wp-content\/uploads\/2020\/06\/barrels.png\",\"datePublished\":\"2016-03-15T14:31:38+00:00\",\"dateModified\":\"2020-10-15T21:53:15+00:00\",\"breadcrumb\":{\"@id\":\"https:\/\/www.quintaferreiradebaixo.pt\/en\/our-history\/#breadcrumb\"},\"inLanguage\":\"en-US\",\"potentialAction\":[{\"@type\":\"ReadAction\",\"target\":[\"https:\/\/www.quintaferreiradebaixo.pt\/en\/our-history\/\"]}]},{\"@type\":\"ImageObject\",\"inLanguage\":\"en-US\",\"@id\":\"https:\/\/www.quintaferreiradebaixo.pt\/en\/our-history\/#primaryimage\",\"url\":\"http:\/\/www.quintaferreiradebaixo.pt\/wp-content\/uploads\/2020\/06\/barrels.png\",\"contentUrl\":\"http:\/\/www.quintaferreiradebaixo.pt\/wp-content\/uploads\/2020\/06\/barrels.png\"},{\"@type\":\"BreadcrumbList\",\"@id\":\"https:\/\/www.quintaferreiradebaixo.pt\/en\/our-history\/#breadcrumb\",\"itemListElement\":[{\"@type\":\"ListItem\",\"position\":1,\"name\":\"In\u00edcio\",\"item\":\"https:\/\/www.quintaferreiradebaixo.pt\/en\/\"},{\"@type\":\"ListItem\",\"position\":2,\"name\":\"Our History\"}]},{\"@type\":\"WebSite\",\"@id\":\"https:\/\/www.quintaferreiradebaixo.pt\/#website\",\"url\":\"https:\/\/www.quintaferreiradebaixo.pt\/\",\"name\":\"Quinta da Ferreira de Baixo\",\"description\":\"\",\"publisher\":{\"@id\":\"https:\/\/www.quintaferreiradebaixo.pt\/#organization\"},\"potentialAction\":[{\"@type\":\"SearchAction\",\"target\":{\"@type\":\"EntryPoint\",\"urlTemplate\":\"https:\/\/www.quintaferreiradebaixo.pt\/?s={search_term_string}\"},\"query-input\":{\"@type\":\"PropertyValueSpecification\",\"valueRequired\":true,\"valueName\":\"search_term_string\"}}],\"inLanguage\":\"en-US\"},{\"@type\":\"Organization\",\"@id\":\"https:\/\/www.quintaferreiradebaixo.pt\/#organization\",\"name\":\"Quinta da Ferreira de Baixo\",\"url\":\"https:\/\/www.quintaferreiradebaixo.pt\/\",\"logo\":{\"@type\":\"ImageObject\",\"inLanguage\":\"en-US\",\"@id\":\"https:\/\/www.quintaferreiradebaixo.pt\/#\/schema\/logo\/image\/\",\"url\":\"https:\/\/www.quintaferreiradebaixo.pt\/wp-content\/uploads\/2020\/07\/logo_quintaferreiradebaixo_gold.png\",\"contentUrl\":\"https:\/\/www.quintaferreiradebaixo.pt\/wp-content\/uploads\/2020\/07\/logo_quintaferreiradebaixo_gold.png\",\"width\":343,\"height\":191,\"caption\":\"Quinta da Ferreira de Baixo\"},\"image\":{\"@id\":\"https:\/\/www.quintaferreiradebaixo.pt\/#\/schema\/logo\/image\/\"}}]}<\/script>\n<!-- \/ Yoast SEO plugin. -->","yoast_head_json":{"title":"Our History - Quinta da Ferreira de Baixo","robots":{"index":"index","follow":"follow","max-snippet":"max-snippet:-1","max-image-preview":"max-image-preview:large","max-video-preview":"max-video-preview:-1"},"canonical":"https:\/\/www.quintaferreiradebaixo.pt\/en\/our-history\/","og_locale":"en_US","og_type":"article","og_title":"Our History - Quinta da Ferreira de Baixo","og_description":"[vc_row full_width=&#8221;stretch_row&#8221; css=&#8221;.vc_custom_1593540716716{margin-top: 150px !important;padding-top: 120px !important;background-image: url(http:\/\/www.quintaferreiradebaixo.pt\/wp-content\/uploads\/2020\/05\/slide-2-background.png?id=1354) !important;background-position: 0 0 !important;background-repeat: no-repeat !important;}&#8221; el_class=&#8221;gg-force-background-bottom&#8221;][vc_column width=&#8221;1\/2&#8243;][vc_column_text] The Quinta da Ferreira de Baixo project accrues from the search of bring-ing back childhood memories, part of them linked to the land. Impressed by the ravishing beauty of the place, we acquired the Quinta in 2007 and, from Read More","og_url":"https:\/\/www.quintaferreiradebaixo.pt\/en\/our-history\/","og_site_name":"Quinta da Ferreira de Baixo","article_modified_time":"2020-10-15T21:53:15+00:00","og_image":[{"url":"http:\/\/www.quintaferreiradebaixo.pt\/wp-content\/uploads\/2020\/06\/barrels.png"}],"twitter_card":"summary_large_image","twitter_misc":{"Est. reading time":"6 minutes"},"schema":{"@context":"https:\/\/schema.org","@graph":[{"@type":"WebPage","@id":"https:\/\/www.quintaferreiradebaixo.pt\/en\/our-history\/","url":"https:\/\/www.quintaferreiradebaixo.pt\/en\/our-history\/","name":"Our History - Quinta da Ferreira de Baixo","isPartOf":{"@id":"https:\/\/www.quintaferreiradebaixo.pt\/#website"},"primaryImageOfPage":{"@id":"https:\/\/www.quintaferreiradebaixo.pt\/en\/our-history\/#primaryimage"},"image":{"@id":"https:\/\/www.quintaferreiradebaixo.pt\/en\/our-history\/#primaryimage"},"thumbnailUrl":"http:\/\/www.quintaferreiradebaixo.pt\/wp-content\/uploads\/2020\/06\/barrels.png","datePublished":"2016-03-15T14:31:38+00:00","dateModified":"2020-10-15T21:53:15+00:00","breadcrumb":{"@id":"https:\/\/www.quintaferreiradebaixo.pt\/en\/our-history\/#breadcrumb"},"inLanguage":"en-US","potentialAction":[{"@type":"ReadAction","target":["https:\/\/www.quintaferreiradebaixo.pt\/en\/our-history\/"]}]},{"@type":"ImageObject","inLanguage":"en-US","@id":"https:\/\/www.quintaferreiradebaixo.pt\/en\/our-history\/#primaryimage","url":"http:\/\/www.quintaferreiradebaixo.pt\/wp-content\/uploads\/2020\/06\/barrels.png","contentUrl":"http:\/\/www.quintaferreiradebaixo.pt\/wp-content\/uploads\/2020\/06\/barrels.png"},{"@type":"BreadcrumbList","@id":"https:\/\/www.quintaferreiradebaixo.pt\/en\/our-history\/#breadcrumb","itemListElement":[{"@type":"ListItem","position":1,"name":"In\u00edcio","item":"https:\/\/www.quintaferreiradebaixo.pt\/en\/"},{"@type":"ListItem","position":2,"name":"Our History"}]},{"@type":"WebSite","@id":"https:\/\/www.quintaferreiradebaixo.pt\/#website","url":"https:\/\/www.quintaferreiradebaixo.pt\/","name":"Quinta da Ferreira de Baixo","description":"","publisher":{"@id":"https:\/\/www.quintaferreiradebaixo.pt\/#organization"},"potentialAction":[{"@type":"SearchAction","target":{"@type":"EntryPoint","urlTemplate":"https:\/\/www.quintaferreiradebaixo.pt\/?s={search_term_string}"},"query-input":{"@type":"PropertyValueSpecification","valueRequired":true,"valueName":"search_term_string"}}],"inLanguage":"en-US"},{"@type":"Organization","@id":"https:\/\/www.quintaferreiradebaixo.pt\/#organization","name":"Quinta da Ferreira de Baixo","url":"https:\/\/www.quintaferreiradebaixo.pt\/","logo":{"@type":"ImageObject","inLanguage":"en-US","@id":"https:\/\/www.quintaferreiradebaixo.pt\/#\/schema\/logo\/image\/","url":"https:\/\/www.quintaferreiradebaixo.pt\/wp-content\/uploads\/2020\/07\/logo_quintaferreiradebaixo_gold.png","contentUrl":"https:\/\/www.quintaferreiradebaixo.pt\/wp-content\/uploads\/2020\/07\/logo_quintaferreiradebaixo_gold.png","width":343,"height":191,"caption":"Quinta da Ferreira de Baixo"},"image":{"@id":"https:\/\/www.quintaferreiradebaixo.pt\/#\/schema\/logo\/image\/"}}]}},"_links":{"self":[{"href":"https:\/\/www.quintaferreiradebaixo.pt\/en\/wp-json\/wp\/v2\/pages\/2128"}],"collection":[{"href":"https:\/\/www.quintaferreiradebaixo.pt\/en\/wp-json\/wp\/v2\/pages"}],"about":[{"href":"https:\/\/www.quintaferreiradebaixo.pt\/en\/wp-json\/wp\/v2\/types\/page"}],"author":[{"embeddable":true,"href":"https:\/\/www.quintaferreiradebaixo.pt\/en\/wp-json\/wp\/v2\/users\/1"}],"replies":[{"embeddable":true,"href":"https:\/\/www.quintaferreiradebaixo.pt\/en\/wp-json\/wp\/v2\/comments?post=2128"}],"version-history":[{"count":0,"href":"https:\/\/www.quintaferreiradebaixo.pt\/en\/wp-json\/wp\/v2\/pages\/2128\/revisions"}],"wp:attachment":[{"href":"https:\/\/www.quintaferreiradebaixo.pt\/en\/wp-json\/wp\/v2\/media?parent=2128"}],"curies":[{"name":"wp","href":"https:\/\/api.w.org\/{rel}","templated":true}]}}